{"id":176,"date":"2022-07-18T20:51:38","date_gmt":"2022-07-19T02:51:38","guid":{"rendered":"https:\/\/hauntedhills.servercastlehill.com\/wp\/?page_id=176"},"modified":"2026-03-24T11:09:10","modified_gmt":"2026-03-24T17:09:10","slug":"inicio","status":"publish","type":"page","link":"https:\/\/hauntedhills.servercastlehill.com\/wp\/","title":{"rendered":"INICIO"},"content":{"rendered":"\n<h1 class=\"wp-block-heading has-text-align-center wp-embed-aspect-16-9 wp-has-aspect-ratio\">SERVIDOR DE CLANES CASTLE HILL<\/h1>\n\n\n\n<h2 class=\"wp-block-heading has-text-align-center\">\ud83d\ude4c<strong>Lee esta p\u00e1gina de inicio como introducci\u00f3n<\/strong>\ud83d\ude4c<\/h2>\n\n\n\n<p>\ud83d\udc4b\ud83c\udffb\ud83c\udfae <strong>Nuestro servidor Castle Hill funciona tanto para Java como para Bedrock<\/strong><\/p>\n\n\n\n<p>\ud83d\uddb1 Java (Premium\/no Premium): cualquier versi\u00f3n<\/p>\n\n\n\n<p>\ud83d\udd79 Bedrock: m\u00f3viles y Windows 10:  las \u00faltimas versiones<\/p>\n\n\n\n<div style=\"height:11px\" aria-hidden=\"true\" class=\"wp-block-spacer\"><\/div>\n\n\n\n<div class=\"wp-block-group\"><div class=\"wp-block-group__inner-container is-layout-flow wp-block-group-is-layout-flow\">\n<h4 class=\"wp-block-heading has-text-align-center\">Bedrock:<em> <strong>Ip: <\/strong><\/em><strong>104.224.55.193 <em>Port:<\/em> 2556<\/strong>6<\/h4>\n\n\n\n<h4 class=\"wp-block-heading has-text-align-center\">Java:<strong>  castlehill.minecraft.best<\/strong><\/h4>\n<\/div><\/div>\n\n\n\n<div style=\"height:6px\" aria-hidden=\"true\" class=\"wp-block-spacer\"><\/div>\n\n\n\n<p>\ud83d\udcaa\ud83c\udffb \ud83d\ude80 Nuestro servidor est\u00e1 alojado en el mejor Host del mercado, posee hilos dedicados de procesador (Ryzen 9 3950x) para un funcionamiento fluido las 24 horas del d\u00eda, y 8 Gb de memoria ram. <span style=\"text-decoration: underline;\">U<\/span>tilizamos flags y softwares optimizados para mayor rendimiento. El server se ubica en Miami y funciona para toda Am\u00e9rica Latina.<\/p>\n\n\n\n<p>\u2694 \ud83c\udff9 Aqu\u00ed hallar\u00e1s un&nbsp;servidor enfocado en <strong><mark style=\"background-color:rgba(0, 0, 0, 0)\" class=\"has-inline-color has-luminous-vivid-orange-color\">Clanes<\/mark><\/strong>, PvP y survival, es de Tem\u00e1tica Medieval, pensado para que los jugadores se unan y sobrevivan en grupos, compitiendo entre ellos y prosperando en el mundo. Es importante elegir un clan, la forma m\u00e1s f\u00e1cil es preguntar en nuestro grupo de wasap que clan te acepta.<\/p>\n\n\n\n<div style=\"height:11px\" aria-hidden=\"true\" class=\"wp-block-spacer\"><\/div>\n\n\n\n<p class=\"has-text-align-center\"><strong>En el servidor de clanes debes unirte a uno cuanto antes para evitar ser atacado por otros jugadores, si no tienes clan estar\u00e1s expuesto. <\/strong><\/p>\n\n\n\n<div style=\"height:3px\" aria-hidden=\"true\" class=\"wp-block-spacer\"><\/div>\n\n\n\n<div style=\"height:11px\" aria-hidden=\"true\" class=\"wp-block-spacer\"><\/div>\n\n\n\n<div style=\"height:11px\" aria-hidden=\"true\" class=\"wp-block-spacer\"><\/div>\n\n\n\n<p>\u2708\ufe0f\ud83d\udc49Si vives lejos del Host (Miami) en raras ocasiones puede ser que tu internet tenga una <strong>conexi\u00f3n pobre<\/strong> o incluso que no puedas conectarte, en nuestra experiencia, esto se puede solucionar con el uso de un VPN. Inst\u00e1lalo y con\u00e9ctate a Estados Unidos, luego entra el servidor. <\/p>\n\n\n\n<div style=\"height:26px\" aria-hidden=\"true\" class=\"wp-block-spacer\"><\/div>\n\n\n\n<p class=\"has-text-align-center\"> <a rel=\"noreferrer noopener\" href=\"https:\/\/discord.com\/invite\/DnztM78\" target=\"_blank\"><img loading=\"lazy\" decoding=\"async\" width=\"123\" height=\"36\" class=\"wp-image-257\" style=\"width: 123px;\" src=\"https:\/\/hauntedhills.servercastlehill.com\/wp\/wp-content\/uploads\/2022\/07\/disc.png\" alt=\"\"><\/a><\/p>\n\n\n\n<p class=\"has-text-align-center\"><a href=\"https:\/\/chat.whatsapp.com\/IpzyGWLZWhS5Pgq2xMajlC\"><img loading=\"lazy\" decoding=\"async\" width=\"150\" height=\"37\" class=\"wp-image-642\" style=\"width: 150px;\" src=\"https:\/\/hauntedhills.servercastlehill.com\/wp\/wp-content\/uploads\/2023\/01\/PngItem_404914-copia.png\" alt=\"\" srcset=\"https:\/\/hauntedhills.servercastlehill.com\/wp\/wp-content\/uploads\/2023\/01\/PngItem_404914-copia.png 4274w, https:\/\/hauntedhills.servercastlehill.com\/wp\/wp-content\/uploads\/2023\/01\/PngItem_404914-copia-300x74.png 300w, https:\/\/hauntedhills.servercastlehill.com\/wp\/wp-content\/uploads\/2023\/01\/PngItem_404914-copia-1024x252.png 1024w, https:\/\/hauntedhills.servercastlehill.com\/wp\/wp-content\/uploads\/2023\/01\/PngItem_404914-copia-768x189.png 768w, https:\/\/hauntedhills.servercastlehill.com\/wp\/wp-content\/uploads\/2023\/01\/PngItem_404914-copia-1536x378.png 1536w, https:\/\/hauntedhills.servercastlehill.com\/wp\/wp-content\/uploads\/2023\/01\/PngItem_404914-copia-2048x504.png 2048w, https:\/\/hauntedhills.servercastlehill.com\/wp\/wp-content\/uploads\/2023\/01\/PngItem_404914-copia-600x150.png 600w\" sizes=\"auto, (max-width: 150px) 100vw, 150px\" \/><\/a><\/p>\n\n\n\n<p class=\"has-text-align-center\"><a rel=\"noreferrer noopener\" href=\"https:\/\/www.youtube.com\/channel\/UCYHp5XlyJ-dWhvM5i3LMUEw\" target=\"_blank\"><img loading=\"lazy\" decoding=\"async\" width=\"150\" height=\"65\" class=\"wp-image-648\" style=\"width: 150px;\" src=\"https:\/\/hauntedhills.servercastlehill.com\/wp\/wp-content\/uploads\/2023\/01\/The-official-YouTube-logo-PNG-1.png\" alt=\"\" srcset=\"https:\/\/hauntedhills.servercastlehill.com\/wp\/wp-content\/uploads\/2023\/01\/The-official-YouTube-logo-PNG-1.png 2000w, https:\/\/hauntedhills.servercastlehill.com\/wp\/wp-content\/uploads\/2023\/01\/The-official-YouTube-logo-PNG-1-300x130.png 300w, https:\/\/hauntedhills.servercastlehill.com\/wp\/wp-content\/uploads\/2023\/01\/The-official-YouTube-logo-PNG-1-1024x442.png 1024w, https:\/\/hauntedhills.servercastlehill.com\/wp\/wp-content\/uploads\/2023\/01\/The-official-YouTube-logo-PNG-1-768x332.png 768w, https:\/\/hauntedhills.servercastlehill.com\/wp\/wp-content\/uploads\/2023\/01\/The-official-YouTube-logo-PNG-1-1536x664.png 1536w\" sizes=\"auto, (max-width: 150px) 100vw, 150px\" \/><\/a><\/p>\n\n\n\n<p class=\"has-text-align-center\"><a rel=\"noreferrer noopener\" href=\"https:\/\/www.facebook.com\/groups\/minecraftlatinamerica\/\" target=\"_blank\"><img loading=\"lazy\" decoding=\"async\" width=\"150\" height=\"55\" class=\"wp-image-650\" style=\"width: 150px;\" src=\"https:\/\/hauntedhills.servercastlehill.com\/wp\/wp-content\/uploads\/2023\/01\/580b57fcd9996e24bc43c52a-1.png\" alt=\"\" srcset=\"https:\/\/hauntedhills.servercastlehill.com\/wp\/wp-content\/uploads\/2023\/01\/580b57fcd9996e24bc43c52a-1.png 400w, https:\/\/hauntedhills.servercastlehill.com\/wp\/wp-content\/uploads\/2023\/01\/580b57fcd9996e24bc43c52a-1-300x110.png 300w\" sizes=\"auto, (max-width: 150px) 100vw, 150px\" \/><\/a><\/p>\n\n\n\n<p class=\"has-text-align-center\"><a href=\"https:\/\/www.tiktok.com\/@server_haunted_hills\" data-type=\"URL\" data-id=\"https:\/\/www.tiktok.com\/@server_haunted_hills\"><img loading=\"lazy\" decoding=\"async\" width=\"150\" height=\"84\" class=\"wp-image-695\" style=\"width: 150px;\" src=\"https:\/\/hauntedhills.servercastlehill.com\/wp\/wp-content\/uploads\/2023\/03\/tik-tok-logo-33090.png\" alt=\"\" srcset=\"https:\/\/hauntedhills.servercastlehill.com\/wp\/wp-content\/uploads\/2023\/03\/tik-tok-logo-33090.png 800w, https:\/\/hauntedhills.servercastlehill.com\/wp\/wp-content\/uploads\/2023\/03\/tik-tok-logo-33090-300x169.png 300w, https:\/\/hauntedhills.servercastlehill.com\/wp\/wp-content\/uploads\/2023\/03\/tik-tok-logo-33090-768x432.png 768w\" sizes=\"auto, (max-width: 150px) 100vw, 150px\" \/><\/a><\/p>\n\n\n\n<h3 class=\"wp-block-heading\">Contrase\u00f1a del servidor<\/h3>\n\n\n\n<p>Para algunos es complicado registrarse al ingresar al servidor pero en realidad es bastante simple, elije una contrase\u00f1a de al menos cuatro caracteres, con solo letras y n\u00fameros (por ejemplo: 14ch) y escr\u00edbela as\u00ed:<\/p>\n\n\n<div class=\"wp-block-image\">\n<figure class=\"aligncenter size-full\"><img loading=\"lazy\" decoding=\"async\" width=\"346\" height=\"52\" src=\"https:\/\/hauntedhills.servercastlehill.com\/wp\/wp-content\/uploads\/2022\/08\/register.png\" alt=\"\" class=\"wp-image-480\" srcset=\"https:\/\/hauntedhills.servercastlehill.com\/wp\/wp-content\/uploads\/2022\/08\/register.png 346w, https:\/\/hauntedhills.servercastlehill.com\/wp\/wp-content\/uploads\/2022\/08\/register-300x45.png 300w\" sizes=\"auto, (max-width: 346px) 100vw, 346px\" \/><\/figure>\n<\/div>\n\n\n<p>Luego del registro, cuando entres al server debes escribirla as\u00ed:<\/p>\n\n\n<div class=\"wp-block-image\">\n<figure class=\"aligncenter size-full is-resized\"><img loading=\"lazy\" decoding=\"async\" width=\"572\" height=\"152\" src=\"https:\/\/hauntedhills.servercastlehill.com\/wp\/wp-content\/uploads\/2026\/03\/llogin-show.jpg\" alt=\"\" class=\"wp-image-1071\" style=\"width:198px;height:auto\" srcset=\"https:\/\/hauntedhills.servercastlehill.com\/wp\/wp-content\/uploads\/2026\/03\/llogin-show.jpg 572w, https:\/\/hauntedhills.servercastlehill.com\/wp\/wp-content\/uploads\/2026\/03\/llogin-show-300x80.jpg 300w\" sizes=\"auto, (max-width: 572px) 100vw, 572px\" \/><\/figure>\n<\/div>\n\n\n<p><\/p>\n\n\n\n<h2 class=\"wp-block-heading\">Clanes<\/h2>\n\n\n\n<p>Aprovecha el plugin de Clanes para crear tu propio grupo de amigos y guerreros o \u00fanete a uno existente, permite proteger terrenos del clan, conquistar nuevos territorios y hacer subir el nivel de tu facci\u00f3n, mas detalles en la <a href=\"https:\/\/hauntedhills.servercastlehill.com\/wp\/plugin-de-clanes\/\" data-type=\"page\" data-id=\"1012\">Secci\u00f3n Clanes<\/a>,<\/p>\n\n\n\n<h2 class=\"wp-block-heading\">PAQUETES DE TEXTURAS<\/h2>\n\n\n\n<p>Si usas Bedrock instala uno de estos paquetes de texturas, uno es para reducir y el otro para eliminar por completo las part\u00edculas. Adem\u00e1s aplican bonitas texturas.<\/p>\n\n\n\n<p><em><strong>TEXTURAS ESPECIALES PARA BEDROCK<\/strong><\/em><br>Los bosses usan muchas part\u00edculas, si te dan lag estas texturas te ayudar\u00e1n<br><em><a href=\"https:\/\/drive.google.com\/file\/d\/1dIYIHNk-IWhckevV88QSYK2IH8yHC4-I\/view?usp=sharing\" data-type=\"URL\" data-id=\"https:\/\/drive.google.com\/file\/d\/1dIYIHNk-IWhckevV88QSYK2IH8yHC4-I\/view?usp=sharing\">Combo Haunted Hills 1<\/a>:<\/em><br>-Cero part\u00edculas<br>-Texturas DefaultEx<br>-Correcciones para Bedrock<br><em><a href=\"https:\/\/drive.google.com\/file\/d\/1P1qRsIoqy_-vpPbniKDCbe3mOhYat4M0\/view?usp=sharing\" data-type=\"URL\" data-id=\"https:\/\/drive.google.com\/file\/d\/1P1qRsIoqy_-vpPbniKDCbe3mOhYat4M0\/view?usp=sharing\">Combo Haunted Hills 2<\/a>:<\/em><br>-Part\u00edculas Minimas<br>-Texturas DefaultEx<br>-Correcciones para Bedrock<\/p>\n\n\n\n<h2 class=\"wp-block-heading\">Como instalar las texturas<\/h2>\n\n\n\n<figure class=\"wp-block-embed aligncenter is-type-video is-provider-youtube wp-block-embed-youtube wp-embed-aspect-16-9 wp-has-aspect-ratio\"><div class=\"wp-block-embed__wrapper\">\n<iframe loading=\"lazy\" title=\"\u2705c\u00f3mo INSTALAR TEXTURAS .ZIP Y .MCPACK \u2705 en Minecraft PE 1.19.22 #mcpe #tutorial\" width=\"500\" height=\"281\" src=\"https:\/\/www.youtube.com\/embed\/h8sZxJt74pU?feature=oembed\" frameborder=\"0\" allow=\"accelerometer; autoplay; clipboard-write; encrypted-media; gyroscope; picture-in-picture; web-share\" referrerpolicy=\"strict-origin-when-cross-origin\" allowfullscreen><\/iframe>\n<\/div><\/figure>\n\n\n\n<ul class=\"wp-block-social-links is-layout-flex wp-block-social-links-is-layout-flex\"><\/ul>\n","protected":false},"excerpt":{"rendered":"<p>SERVIDOR DE CLANES CASTLE HILL \ud83d\ude4cLee esta p\u00e1gina de inicio como introducci\u00f3n\ud83d\ude4c \ud83d\udc4b\ud83c\udffb\ud83c\udfae Nuestro servidor Castle Hill funciona tanto para Java como para Bedrock \ud83d\uddb1 Java (Premium\/no Premium): cualquier versi\u00f3n \ud83d\udd79 Bedrock: m\u00f3viles y Windows 10: las \u00faltimas versiones Bedrock: Ip: 104.224.55.193 Port: 25566 Java: castlehill.minecraft.best \ud83d\udcaa\ud83c\udffb \ud83d\ude80 Nuestro servidor est\u00e1 alojado en el mejor&#8230;  <a class=\"excerpt-read-more\" href=\"https:\/\/hauntedhills.servercastlehill.com\/wp\/\" title=\"ReadINICIO\">Read more &raquo;<\/a><\/p>\n","protected":false},"author":1,"featured_media":0,"parent":0,"menu_order":0,"comment_status":"closed","ping_status":"closed","template":"","meta":{"footnotes":""},"class_list":["post-176","page","type-page","status-publish","hentry"],"_links":{"self":[{"href":"https:\/\/hauntedhills.servercastlehill.com\/wp\/wp-json\/wp\/v2\/pages\/176","targetHints":{"allow":["GET"]}}],"collection":[{"href":"https:\/\/hauntedhills.servercastlehill.com\/wp\/wp-json\/wp\/v2\/pages"}],"about":[{"href":"https:\/\/hauntedhills.servercastlehill.com\/wp\/wp-json\/wp\/v2\/types\/page"}],"author":[{"embeddable":true,"href":"https:\/\/hauntedhills.servercastlehill.com\/wp\/wp-json\/wp\/v2\/users\/1"}],"replies":[{"embeddable":true,"href":"https:\/\/hauntedhills.servercastlehill.com\/wp\/wp-json\/wp\/v2\/comments?post=176"}],"version-history":[{"count":158,"href":"https:\/\/hauntedhills.servercastlehill.com\/wp\/wp-json\/wp\/v2\/pages\/176\/revisions"}],"predecessor-version":[{"id":1072,"href":"https:\/\/hauntedhills.servercastlehill.com\/wp\/wp-json\/wp\/v2\/pages\/176\/revisions\/1072"}],"wp:attachment":[{"href":"https:\/\/hauntedhills.servercastlehill.com\/wp\/wp-json\/wp\/v2\/media?parent=176"}],"curies":[{"name":"wp","href":"https:\/\/api.w.org\/{rel}","templated":true}]}}