{"id":1110,"date":"2026-04-30T10:34:14","date_gmt":"2026-04-30T16:34:14","guid":{"rendered":"https:\/\/hauntedhills.servercastlehill.com\/wp\/?page_id=1110"},"modified":"2026-04-30T11:56:24","modified_gmt":"2026-04-30T17:56:24","slug":"%f0%9f%8f%b0-bienvenido-a-castle-hill-guia-de-inicio-rapido","status":"publish","type":"page","link":"https:\/\/hauntedhills.servercastlehill.com\/wp\/%f0%9f%8f%b0-bienvenido-a-castle-hill-guia-de-inicio-rapido\/","title":{"rendered":"\ud83c\udff0 Bienvenido a Castle Hill: Gu\u00eda de Inicio R\u00e1pido"},"content":{"rendered":"\n<p><strong>Tu aventura comienza aqu\u00ed. En Alur, nada se regala; todo se forja con Sudor y Hierro.<\/strong><\/p>\n\n\n\n<p id=\"p-rc_2ece7e6cb2ecac4f-69\">Este no es un servidor com\u00fan. Con 6 a\u00f1os de historia y un hardware de \u00e9lite (<strong>Ryzen 9 7350X<\/strong>), ofrecemos una experiencia de supervivencia hardcore donde el esfuerzo real es la \u00fanica moneda de cambio.<\/p>\n\n\n\n<p><\/p>\n\n\n\n<hr class=\"wp-block-separator has-alpha-channel-opacity\"\/>\n\n\n\n<p><\/p>\n\n\n\n<p class=\"has-text-align-center\" style=\"font-size:20px\">Si no sabes como conectarte al servidor con tu tel\u00e9fono, PC o consola,<\/p>\n\n\n\n<p class=\"has-text-align-center\" style=\"font-size:20px\"> ve al <a href=\"https:\/\/hauntedhills.servercastlehill.com\/wp\/\" data-type=\"page\" data-id=\"176\">INICIO <\/a>y lee las instrucciones <\/p>\n\n\n\n<hr class=\"wp-block-separator has-alpha-channel-opacity\"\/>\n\n\n\n<p><\/p>\n\n\n\n<h2 class=\"wp-block-heading\">\ud83d\udd25 Tu Misi\u00f3n Principal: El Clan es tu Vida<\/h2>\n\n\n\n<p id=\"p-rc_2ece7e6cb2ecac4f-70\">En Castle Hill, sobrevivir en solitario es casi imposible. <strong>Tu prioridad absoluta es buscar un Clan existente o fundar el tuyo propio<\/strong><sup><\/sup>.<\/p>\n\n\n\n<ul class=\"wp-block-list\">\n<li><strong>Protecci\u00f3n M\u00e1gica:<\/strong> Sin un Reino, tus cofres y terrenos pueden ser saqueados o reclamados por otros.<\/li>\n\n\n\n<li><strong>Fundaci\u00f3n:<\/strong> Entra a un clan (Reino) o crea el tuyo. Hacer esto \u00faltimo tiene un costo de <strong>5,000 monedas<\/strong>. Es m\u00e1s divertido jugar acompa\u00f1ado, <strong>\u00a1Unos minan, otros cultivan, otros construyen!<\/strong><\/li>\n\n\n\n<li><strong>Impuestos:<\/strong> Mantener la soberan\u00eda tiene un costo; si el reino no paga sus impuestos, ser\u00e1 disuelto autom\u00e1ticamente. Recuerden depositar dinero en el banco del Clan.<\/li>\n<\/ul>\n\n\n\n<hr class=\"wp-block-separator has-alpha-channel-opacity\"\/>\n\n\n<div class=\"wp-block-image\">\n<figure class=\"aligncenter size-large is-resized\"><img loading=\"lazy\" decoding=\"async\" width=\"1024\" height=\"572\" src=\"https:\/\/hauntedhills.servercastlehill.com\/wp\/wp-content\/uploads\/2026\/04\/Gemini_Generated_Image_bx94ykbx94ykbx94-1024x572.png\" alt=\"\" class=\"wp-image-1111\" style=\"aspect-ratio:1.7902596678925666;width:558px;height:auto\" srcset=\"https:\/\/hauntedhills.servercastlehill.com\/wp\/wp-content\/uploads\/2026\/04\/Gemini_Generated_Image_bx94ykbx94ykbx94-1024x572.png 1024w, https:\/\/hauntedhills.servercastlehill.com\/wp\/wp-content\/uploads\/2026\/04\/Gemini_Generated_Image_bx94ykbx94ykbx94-300x167.png 300w, https:\/\/hauntedhills.servercastlehill.com\/wp\/wp-content\/uploads\/2026\/04\/Gemini_Generated_Image_bx94ykbx94ykbx94-768x429.png 768w, https:\/\/hauntedhills.servercastlehill.com\/wp\/wp-content\/uploads\/2026\/04\/Gemini_Generated_Image_bx94ykbx94ykbx94.png 1376w\" sizes=\"auto, (max-width: 1024px) 100vw, 1024px\" \/><\/figure>\n<\/div>\n\n\n<hr class=\"wp-block-separator has-alpha-channel-opacity\"\/>\n\n\n\n<h2 class=\"wp-block-heading\">\ud83d\udee1\ufe0f Tus Primeros 3 D\u00edas: La Fase de Recluta<\/h2>\n\n\n\n<p id=\"p-rc_2ece7e6cb2ecac4f-74\">Al entrar, cuentas con <strong>3 d\u00edas de paz<\/strong> (o hasta que te unas a un Clan)<sup><\/sup>. No desperdicies este tiempo:<\/p>\n\n\n\n<ol start=\"1\" class=\"wp-block-list\">\n<li><strong>Acumula Capital:<\/strong> Mina intensamente. No busques peleas todav\u00eda; construye tu base econ\u00f3mica.<\/li>\n\n\n\n<li><strong>Explora el Spawn:<\/strong> Recibir\u00e1s un libro gu\u00eda y ver\u00e1s una cinem\u00e1tica de lore que te pondr\u00e1 en contexto.<\/li>\n\n\n\n<li><strong>Vende tus Minerales:<\/strong> En el Spawn, busca al NPC <strong>\u00abMinerales\u00bb<\/strong>, quien compra metales preciosos para darte liquidez inmediata.<\/li>\n<\/ol>\n\n\n\n<hr class=\"wp-block-separator has-alpha-channel-opacity\"\/>\n\n\n\n<h2 class=\"wp-block-heading\">\ud83d\ude84 Log\u00edstica: El Mundo es Grande (15,000 Bloques)<\/h2>\n\n\n\n<p id=\"p-rc_2ece7e6cb2ecac4f-78\">Olv\u00eddate de los comandos m\u00e1gicos como <code>\/tpa<\/code> o <code>\/tp<\/code>; aqu\u00ed la distancia importa<sup><\/sup>.<\/p>\n\n\n\n<ul class=\"wp-block-list\">\n<li><strong>Ferrocarril de Alta Velocidad:<\/strong> Usa los vagones en el t\u00fanel del Spawn para viajar a <strong>velocidad x3<\/strong> hacia las fronteras.<\/li>\n\n\n\n<li><strong>Teletransporte Limitado:<\/strong> Los jugadores no tienen <code>\/home<\/code>. Para regresar a tu base, debes dormir en una <strong>cama<\/strong> o fabricar un <strong>Pergamino del Retorno<\/strong>.<\/li>\n\n\n\n<li><strong>El Pergamino:<\/strong> Requiere materiales costosos (Oro y L\u00e1grima de Ghast) y una canalizaci\u00f3n de <strong>5 segundos<\/strong> sin moverte para funcionar.<\/li>\n<\/ul>\n\n\n\n<hr class=\"wp-block-separator has-alpha-channel-opacity\"\/>\n\n\n<div class=\"wp-block-image\">\n<figure class=\"aligncenter size-large is-resized\"><img loading=\"lazy\" decoding=\"async\" width=\"1024\" height=\"572\" src=\"https:\/\/hauntedhills.servercastlehill.com\/wp\/wp-content\/uploads\/2026\/04\/Gemini_Generated_Image_izb3wizb3wizb3wi-1024x572.png\" alt=\"\" class=\"wp-image-1113\" style=\"aspect-ratio:1.7902540278738757;width:520px;height:auto\" srcset=\"https:\/\/hauntedhills.servercastlehill.com\/wp\/wp-content\/uploads\/2026\/04\/Gemini_Generated_Image_izb3wizb3wizb3wi-1024x572.png 1024w, https:\/\/hauntedhills.servercastlehill.com\/wp\/wp-content\/uploads\/2026\/04\/Gemini_Generated_Image_izb3wizb3wizb3wi-300x167.png 300w, https:\/\/hauntedhills.servercastlehill.com\/wp\/wp-content\/uploads\/2026\/04\/Gemini_Generated_Image_izb3wizb3wizb3wi-768x429.png 768w, https:\/\/hauntedhills.servercastlehill.com\/wp\/wp-content\/uploads\/2026\/04\/Gemini_Generated_Image_izb3wizb3wizb3wi.png 1376w\" sizes=\"auto, (max-width: 1024px) 100vw, 1024px\" \/><\/figure>\n<\/div>\n\n\n<hr class=\"wp-block-separator has-alpha-channel-opacity\"\/>\n\n\n\n<h2 class=\"wp-block-heading\">\ud83c\udf11 El Infierno de Alur (El Nether)<\/h2>\n\n\n\n<p id=\"p-rc_2ece7e6cb2ecac4f-82\">El Nether es extremadamente hostil y ha mutado<sup><\/sup>.<\/p>\n\n\n\n<ul class=\"wp-block-list\">\n<li><strong>Calor Letal:<\/strong> La lava y el fuego causan el <strong>triple (3x) de da\u00f1o<\/strong>.<\/li>\n\n\n\n<li><strong>Bestias Potenciadas:<\/strong> Los monstruos tienen el <strong>doble de vida y da\u00f1o<\/strong>.<\/li>\n\n\n\n<li><strong>La Ley de la Netherite:<\/strong> Solo los <strong>Caballeros<\/strong> (1 por cada 5 miembros de un clan) pueden portar o usar equipo de Netherite. Si no eres Caballero y la usas, el servidor te la confiscar\u00e1 autom\u00e1ticamente.<\/li>\n<\/ul>\n\n\n\n<hr class=\"wp-block-separator has-alpha-channel-opacity\"\/>\n\n\n\n<h2 class=\"wp-block-heading\">\u2696\ufe0f Seguridad y Reglas de Oro<\/h2>\n\n\n\n<p id=\"p-rc_2ece7e6cb2ecac4f-86\">Nuestra Inteligencia Artificial de Seguridad (AIS) audita cada bloque<sup><\/sup>.<\/p>\n\n\n\n<ul class=\"wp-block-list\">\n<li><strong>Tolerancia Cero:<\/strong> El uso de Hacks, X-Ray o dupeo resulta en <strong>ban permanente<\/strong>.<\/li>\n\n\n\n<li><strong>Recompensas por Reportes:<\/strong> Pagamos <strong>$5 USD<\/strong> a quien reporte un hack funcional con pruebas en video.<\/li>\n<\/ul>\n\n\n\n<hr class=\"wp-block-separator has-alpha-channel-opacity\"\/>\n\n\n\n<p><strong>\u00bfEst\u00e1s listo para escribir tu nombre en la historia de Alur?<\/strong><\/p>\n\n\n\n<p class=\"has-text-align-center\">\ud83d\udcf1 <a href=\"https:\/\/chat.whatsapp.com\/JqqmkpBbQ6ZFG2hdWHiS4S\" target=\"_blank\" rel=\"noreferrer noopener\">\u00danete a nuestro WhatsApp<\/a> | <\/p>\n\n\n\n<p><\/p>\n","protected":false},"excerpt":{"rendered":"<p>Tu aventura comienza aqu\u00ed. En Alur, nada se regala; todo se forja con Sudor y Hierro. Este no es un servidor com\u00fan. Con 6 a\u00f1os de historia y un hardware de \u00e9lite (Ryzen 9 7350X), ofrecemos una experiencia de supervivencia hardcore donde el esfuerzo real es la \u00fanica moneda de cambio. Si no sabes como&#8230;  <a class=\"excerpt-read-more\" href=\"https:\/\/hauntedhills.servercastlehill.com\/wp\/%f0%9f%8f%b0-bienvenido-a-castle-hill-guia-de-inicio-rapido\/\" title=\"Read\ud83c\udff0 Bienvenido a Castle Hill: Gu\u00eda de Inicio R\u00e1pido\">Read more &raquo;<\/a><\/p>\n","protected":false},"author":1,"featured_media":0,"parent":0,"menu_order":0,"comment_status":"closed","ping_status":"closed","template":"","meta":{"footnotes":""},"class_list":["post-1110","page","type-page","status-publish","hentry"],"_links":{"self":[{"href":"https:\/\/hauntedhills.servercastlehill.com\/wp\/wp-json\/wp\/v2\/pages\/1110","targetHints":{"allow":["GET"]}}],"collection":[{"href":"https:\/\/hauntedhills.servercastlehill.com\/wp\/wp-json\/wp\/v2\/pages"}],"about":[{"href":"https:\/\/hauntedhills.servercastlehill.com\/wp\/wp-json\/wp\/v2\/types\/page"}],"author":[{"embeddable":true,"href":"https:\/\/hauntedhills.servercastlehill.com\/wp\/wp-json\/wp\/v2\/users\/1"}],"replies":[{"embeddable":true,"href":"https:\/\/hauntedhills.servercastlehill.com\/wp\/wp-json\/wp\/v2\/comments?post=1110"}],"version-history":[{"count":13,"href":"https:\/\/hauntedhills.servercastlehill.com\/wp\/wp-json\/wp\/v2\/pages\/1110\/revisions"}],"predecessor-version":[{"id":1134,"href":"https:\/\/hauntedhills.servercastlehill.com\/wp\/wp-json\/wp\/v2\/pages\/1110\/revisions\/1134"}],"wp:attachment":[{"href":"https:\/\/hauntedhills.servercastlehill.com\/wp\/wp-json\/wp\/v2\/media?parent=1110"}],"curies":[{"name":"wp","href":"https:\/\/api.w.org\/{rel}","templated":true}]}}